{"id":25,"date":"2019-11-25T12:30:11","date_gmt":"2019-11-25T12:30:11","guid":{"rendered":"http:\/\/gertrudaumayr.de\/?page_id=25"},"modified":"2019-11-25T13:20:13","modified_gmt":"2019-11-25T13:20:13","slug":"malseminare","status":"publish","type":"page","link":"http:\/\/gertrudaumayr.de\/?page_id=25","title":{"rendered":"Malseminare"},"content":{"rendered":"\n<p>Eigene Seminarveranstaltungen<\/p>\n\n\n\n<p>Es werden<\/p>\n\n\n\n<ul><li>ganzt\u00e4gige Zeichenseminare<\/li><li>halb &#8211; und ganzt\u00e4gige Aquarellseminare<\/li><li>Aquarell-Wochenendseminare sowie  <\/li><li>Aquarell-Malreisen angeboten.<\/li><\/ul>\n\n\n\n<p>N\u00e4here Informationen dar\u00fcber bitte telefonisch bzw.<br>\n\u00fcber E-Mail anfordern.<\/p>\n\n\n\n<p>Gertrud Aumayr<br>\nRennweg 50<br>\nD-90489 N\u00fcrnberg<br>\nTel.:   +49 &#8211; 911-558095<br>\nmobil: +49 -173-3908107<br>\ngertrud.aumayr@gmx.de<\/p>\n","protected":false},"excerpt":{"rendered":"<p>Eigene Seminarveranstaltungen Es werden ganzt\u00e4gige Zeichenseminare halb &#8211; und ganzt\u00e4gige Aquarellseminare Aquarell-Wochenendseminare sowie Aquarell-Malreisen angeboten. N\u00e4here Informationen dar\u00fcber bitte telefonisch bzw. \u00fcber E-Mail anfordern. Gertrud Aumayr Rennweg 50 D-90489 N\u00fcrnberg Tel.: +49 &#8211; 911-558095 mobil: +49 -173-3908107 gertrud.aumayr@gmx.de<\/p>\n","protected":false},"author":1,"featured_media":0,"parent":0,"menu_order":0,"comment_status":"closed","ping_status":"closed","template":"","meta":{"ngg_post_thumbnail":0},"_links":{"self":[{"href":"http:\/\/gertrudaumayr.de\/index.php?rest_route=\/wp\/v2\/pages\/25"}],"collection":[{"href":"http:\/\/gertrudaumayr.de\/index.php?rest_route=\/wp\/v2\/pages"}],"about":[{"href":"http:\/\/gertrudaumayr.de\/index.php?rest_route=\/wp\/v2\/types\/page"}],"author":[{"embeddable":true,"href":"http:\/\/gertrudaumayr.de\/index.php?rest_route=\/wp\/v2\/users\/1"}],"replies":[{"embeddable":true,"href":"http:\/\/gertrudaumayr.de\/index.php?rest_route=%2Fwp%2Fv2%2Fcomments&post=25"}],"version-history":[{"count":3,"href":"http:\/\/gertrudaumayr.de\/index.php?rest_route=\/wp\/v2\/pages\/25\/revisions"}],"predecessor-version":[{"id":60,"href":"http:\/\/gertrudaumayr.de\/index.php?rest_route=\/wp\/v2\/pages\/25\/revisions\/60"}],"wp:attachment":[{"href":"http:\/\/gertrudaumayr.de\/index.php?rest_route=%2Fwp%2Fv2%2Fmedia&parent=25"}],"curies":[{"name":"wp","href":"https:\/\/api.w.org\/{rel}","templated":true}]}}