{"id":23,"date":"2019-11-25T12:29:50","date_gmt":"2019-11-25T12:29:50","guid":{"rendered":"http:\/\/gertrudaumayr.de\/?page_id=23"},"modified":"2023-07-18T09:59:05","modified_gmt":"2023-07-18T09:59:05","slug":"ausstellungen","status":"publish","type":"page","link":"http:\/\/gertrudaumayr.de\/?page_id=23","title":{"rendered":"Ausstellungen"},"content":{"rendered":"\n<p>Einzelausstellungen und Ausstellungsbeteiligungen&nbsp;(Auswahl)<br><\/p>\n\n\n\n<p> <\/p>\n\n\n\n<ul>\n<li>1994 Galerie im Kongresshotel Residenz, Bad Windsheim<\/li>\n\n\n\n<li>1995 Campe-Galerie, N\u00fcrnberg<\/li>\n\n\n\n<li>1995 Galerie Cabinet, F\u00fcrth<\/li>\n\n\n\n<li>1996 Galerie in der Werkst\u00e4tte Frey, Pettensiedel<\/li>\n\n\n\n<li>1997 Galerie Beukenhof, Kluisbergen, Belgien<\/li>\n\n\n\n<li>1998 Muggnbucker Scheunengalerie, Neustadt\/Aisch<\/li>\n\n\n\n<li>1999 Galerie am Salzgrie\u00df, Wien<\/li>\n\n\n\n<li>2000 Libera, Kunst &amp;Mode, Hersbruck&nbsp; &nbsp; &nbsp;<\/li>\n\n\n\n<li>2000 Campe-Galerie, N\u00fcrnberg<\/li>\n\n\n\n<li>2001 Galerie Caspari, N\u00fcrnberg<\/li>\n\n\n\n<li>2003 Galerie mit der blauen T\u00fcr, N\u00fcrnberg<\/li>\n\n\n\n<li>2004 Galerie Dr.Lehnen, Erlangen&nbsp;&nbsp; &nbsp;<\/li>\n\n\n\n<li>2006 Galerie d\u2019art Schortgen, Esch-sur-Alzette, Luxemburg<\/li>\n\n\n\n<li>2007 Landeskulturzentrum Ursulinenhof Linz<\/li>\n\n\n\n<li>2008 Ausstellung zum Kunstpreis der N\u00fcrnberger Nachrichten&nbsp;<\/li>\n\n\n\n<li>2009 Kunst im Medienraum der Holtz AG, Neudrossenfeld \/ Kulmbach<\/li>\n\n\n\n<li>2009 Ausstellung zum Kunstpreis der N\u00fcrnberger Nachrichten<\/li>\n\n\n\n<li>2009 Galerie Lutz, N\u00fcrnberg<\/li>\n\n\n\n<li>2010 Kulturladen Zeltnerschlo\u00df, N\u00fcrnberg<\/li>\n\n\n\n<li>2010 Campe-Galerie, N\u00fcrnberg<\/li>\n\n\n\n<li>2010 Ausstellung zum Kunstpreis der N\u00fcrnberger Nachrichten<\/li>\n\n\n\n<li>2010 NN-Kunstpreis-Schau im Musee des Beaux-Arts, Nizza<\/li>\n\n\n\n<li>2010 Kunst &amp; Genuss &#8211; Kunststationen rund ums Walberla<\/li>\n\n\n\n<li>2010 Wintersalon 2010, Galeriehaus Nord, N\u00fcrnberg<\/li>\n\n\n\n<li>2011 Ausstellung zum Kunstpreis der N\u00fcrnberger Nachrichten<\/li>\n\n\n\n<li>2011 NN-Kunstpreis &#8211; Schau im Kulturzentrum Cajasur, Cordoba<\/li>\n\n\n\n<li>2011 Galerie d\u2019art Schortgen, Esch-sur-Alzette, Luxemburg<\/li>\n\n\n\n<li>2012 Ausstellung im Thieracher Garten, R\u00f6dental<\/li>\n\n\n\n<li>2012 Sommerakademie Coburg, Dozentenausstellung<\/li>\n\n\n\n<li>2012 N\u00fcrnberger K\u00fcnstler sehen D\u00fcrer, CAMPE-Galerie, N\u00fcrnberg&nbsp;<\/li>\n\n\n\n<li>2012 Sommerakademie Pettensiedel, Dozentenausstellung<\/li>\n\n\n\n<li>2012 Ausstellung zum Kunstpreis der N\u00fcrnberger Nachrichten<\/li>\n\n\n\n<li>2012 NN-Kunstpreis-Schau im Museum f\u00fcr Angewandte Kunst Gera<\/li>\n\n\n\n<li>2012 Galerie Lutz in der Werkstatt Frey Pettensiedel<\/li>\n\n\n\n<li>2012 Wintersalon 2012, Galeriehaus Nord, N\u00fcrnberg<\/li>\n\n\n\n<li>2013 Sommerakademie Coburg, Dozentenausstellung<\/li>\n\n\n\n<li>2013 Ausstellung im Stadttheater F\u00fcrth<\/li>\n\n\n\n<li>2014 Campe-Galerie N\u00fcrnberg<\/li>\n\n\n\n<li>2014 Wintersalon, Galeriehaus Nord, N\u00fcrnberg<\/li>\n\n\n\n<li>2015 Campe-Galerie N\u00fcrnberg<\/li>\n\n\n\n<li>2016 Kunstmuseum Erlanger<\/li>\n\n\n\n<li>2016 Galerie mit der blauen T\u00fcr, N\u00fcrnberg<\/li>\n\n\n\n<li>2017 Ausstellung zum Kunstpreis der N\u00fcrnberger Nachrichten<\/li>\n\n\n\n<li>2017 NN-Kunstpreis-Schau im Yermilov-Centre in Charkiw, Ukraine<\/li>\n\n\n\n<li>2017 Ausstellung BBK N\u00fcrnberg Mittelfranken \u2013 Sternstunden der Bildenden Kunst<\/li>\n\n\n\n<li>2018 Bayreuther Kunstausstellung<\/li>\n\n\n\n<li>2019 Kunsthaus Reitbahn 3, Ansbach<\/li>\n\n\n\n<li>2019 Galerie mit der blauen T\u00fcr, N\u00fcrnberg<\/li>\n\n\n\n<li>2019 Wintersalon 2019, Galeriehaus Nord, N\u00fcrnberg<\/li>\n\n\n\n<li>2019 Mitgliederausstellung im BBK N\u00fcrnberg<\/li>\n\n\n\n<li>2020 Ausstellung food for thougths in der Harderbastei Ingolstadt<\/li>\n\n\n\n<li>2020 Ausstellung zum Kunstpreis der N\u00fcrnberger Nachrichten<\/li>\n\n\n\n<li>2020 Bayreuther Kunstausstellung<\/li>\n\n\n\n<li>2020 Ausstellung between periods im BBK VIEW N\u00fcrnberg<\/li>\n\n\n\n<li>2021 Ausstellung im Museum Schloss Ratibor Roth<\/li>\n\n\n\n<li>2022 Galerie LeonART N\u00fcrnberg<\/li>\n\n\n\n<li>2022 Ausstellung im Stadttheater F\u00fcrth<\/li>\n\n\n\n<li>2022 Between-Times Mitgliederausstellung im BBK N\u00fcrnberg&nbsp;<\/li>\n\n\n\n<li>2023 Ausstellung Kunstkreis Jura in der Residenz Neumarkt i.d.OPf.<\/li>\n\n\n\n<li>2023 Ausstellung in der Werkstatt Frey Pettensiedel\u00a0<\/li>\n\n\n\n<li><\/li>\n<\/ul>\n\n\n\n<p><\/p>\n","protected":false},"excerpt":{"rendered":"<p>Einzelausstellungen und Ausstellungsbeteiligungen&nbsp;(Auswahl)<\/p>\n","protected":false},"author":1,"featured_media":0,"parent":0,"menu_order":0,"comment_status":"closed","ping_status":"closed","template":"","meta":{"ngg_post_thumbnail":0},"_links":{"self":[{"href":"http:\/\/gertrudaumayr.de\/index.php?rest_route=\/wp\/v2\/pages\/23"}],"collection":[{"href":"http:\/\/gertrudaumayr.de\/index.php?rest_route=\/wp\/v2\/pages"}],"about":[{"href":"http:\/\/gertrudaumayr.de\/index.php?rest_route=\/wp\/v2\/types\/page"}],"author":[{"embeddable":true,"href":"http:\/\/gertrudaumayr.de\/index.php?rest_route=\/wp\/v2\/users\/1"}],"replies":[{"embeddable":true,"href":"http:\/\/gertrudaumayr.de\/index.php?rest_route=%2Fwp%2Fv2%2Fcomments&post=23"}],"version-history":[{"count":9,"href":"http:\/\/gertrudaumayr.de\/index.php?rest_route=\/wp\/v2\/pages\/23\/revisions"}],"predecessor-version":[{"id":316,"href":"http:\/\/gertrudaumayr.de\/index.php?rest_route=\/wp\/v2\/pages\/23\/revisions\/316"}],"wp:attachment":[{"href":"http:\/\/gertrudaumayr.de\/index.php?rest_route=%2Fwp%2Fv2%2Fmedia&parent=23"}],"curies":[{"name":"wp","href":"https:\/\/api.w.org\/{rel}","templated":true}]}}